{"id":156,"date":"2014-01-26T22:25:37","date_gmt":"2014-01-26T21:25:37","guid":{"rendered":"http:\/\/esc-hurepoix.com\/?page_id=156"},"modified":"2025-10-24T14:07:17","modified_gmt":"2025-10-24T13:07:17","slug":"fci","status":"publish","type":"page","link":"http:\/\/esc-hurepoix.com\/?page_id=156","title":{"rendered":"Pistage IFH"},"content":{"rendered":"\n<p>Le pistage IFH est une discipline destin\u00e9e \u00e0 mettre en avant les qualit\u00e9es olfactives du chien.<\/p>\n\n\n\n<p>Pour d\u00e9buter le pistage IFH en concours, le chien doit d&rsquo;abord obtenir son Certificat de Sociabilit\u00e9 d&rsquo;Aptitude \u00e0 l&rsquo;Utilisation- CSAU (A partir de 12 mois). Seuls les chiens ayant une licence d&rsquo;utilisation et un carnet de travail ainsi qu&rsquo;un pedigree FCI, sont autoris\u00e9s \u00e0 concourir.<\/p>\n\n\n\n<p>Le jour du concours, le chien doit avoir l&rsquo;\u00e2ge requis minimum&nbsp;:<\/p>\n\n\n\n<p>18 mois : Pistage IFH \u00e9chelon 1<\/p>\n\n\n\n<p>19 mois : Pistage IFH \u00e9chelon 2<\/p>\n\n\n\n<p>20 mois : Pistage IFH \u00e9chelon 3<\/p>\n\n\n\n<p>Chaque niveau de piste est not\u00e9 sur 100 points. Pour valider son \u00e9chelon, le chien devra au minimum totaliser 70 points.<\/p>\n\n\n\n<figure class=\"wp-block-image\"><img loading=\"lazy\" decoding=\"async\" width=\"496\" height=\"61\" src=\"https:\/\/esc-hurepoix.com\/wp-content\/uploads\/2025\/10\/Capture-d\u00e9cran-2025-10-15-133044.png\" alt=\"\" class=\"wp-image-5524\" srcset=\"http:\/\/esc-hurepoix.com\/wp-content\/uploads\/2025\/10\/Capture-d\u00e9cran-2025-10-15-133044.png 496w, http:\/\/esc-hurepoix.com\/wp-content\/uploads\/2025\/10\/Capture-d\u00e9cran-2025-10-15-133044-300x37.png 300w\" sizes=\"auto, (max-width: 496px) 100vw, 496px\" \/><\/figure>\n\n\n\n<p>Avant l&rsquo;\u00e9preuve, un contr\u00f4le de l&rsquo;\u00e9quilibre du caract\u00e8re sera effectu\u00e9. Le chien sera pr\u00e9sent\u00e9 au juge individuellement, dans un endroit neutre, en laisse sans influence du conducteur. Le chien sera soumis au contr\u00f4le de son identit\u00e9.<\/p>\n\n\n\n<p>En IFH \u00e9chelon 1, pour les conducteurs qui veulent acc\u00e8der \u00e0 la classe Travail, lors des expositions nationales, sur leur demande, il sera tir\u00e9 un coup de feu avant la pr\u00e9sentation au juge.&nbsp;<\/p>\n\n\n\n<p><strong>Pistage IFH \u00e9chelon 1<\/strong>&nbsp;:<\/p>\n\n\n\n<p>Piste de minimum 800 pas trac\u00e9e par le conducteur.<\/p>\n\n\n\n<p>4 angles droits<\/p>\n\n\n\n<p>Refroidissement minimum 90 min<\/p>\n\n\n\n<p>Tenue de piste en longe ou en libre&nbsp;: 79 points<\/p>\n\n\n\n<p>Objets (d\u00e9signation ou rapport) : 3 objets qui valent chacun 7 points<\/p>\n\n\n\n<p>Le temps de la rel\u00e8ve de piste sera de 30 min<\/p>\n\n\n\n<figure class=\"wp-block-image\"><img loading=\"lazy\" decoding=\"async\" width=\"563\" height=\"733\" src=\"https:\/\/esc-hurepoix.com\/wp-content\/uploads\/2025\/10\/Capture-d\u00e9cran-2025-10-15-130622.png\" alt=\"\" class=\"wp-image-5510\" srcset=\"http:\/\/esc-hurepoix.com\/wp-content\/uploads\/2025\/10\/Capture-d\u00e9cran-2025-10-15-130622.png 563w, http:\/\/esc-hurepoix.com\/wp-content\/uploads\/2025\/10\/Capture-d\u00e9cran-2025-10-15-130622-230x300.png 230w\" sizes=\"auto, (max-width: 563px) 100vw, 563px\" \/><\/figure>\n\n\n\n<p><strong>Pistage IFH \u00e9chelon 2<\/strong>:<\/p>\n\n\n\n<p>Piste de 1200 pas minimum, trac\u00e9e par un \u00e9tranger<\/p>\n\n\n\n<p>5 angles dont 1 angle aigu<\/p>\n\n\n\n<p>Refroidissement minimum 120 min<\/p>\n\n\n\n<p>Tenue de piste en longe ou en libre&nbsp;: 79 points<\/p>\n\n\n\n<p>Objets (d\u00e9signation ou rapport) : 4 objets qui valent : 1er objet 6 points, 5 objets 4 points.<\/p>\n\n\n\n<p>La piste sera coup\u00e9e 30 min avant le d\u00e9but du pistage. Cette fausse piste ne doit pas se situer \u00e0 moins de 40 pas avant ou apr\u00e8s un angle, ni sur la premi\u00e8re ou derni\u00e8re  ligne. Elle doit \u00eatre pos\u00e9e de mani\u00e8re \u00e0 ne pas croiser la piste sous un angle de 60\u00b0, elle ne peut pas non plus \u00eatre pos\u00e9e sur la m\u00eame ligne. Le faux traceur doit respecter une distance d\u2019au moins 10 m\u00e8tres, avant et apr\u00e8s le croisement de la piste. <\/p>\n\n\n\n<p>Le temps de la rel\u00e8ve de piste sera de 30 min<\/p>\n\n\n\n<figure class=\"wp-block-image\"><img loading=\"lazy\" decoding=\"async\" width=\"571\" height=\"695\" src=\"https:\/\/esc-hurepoix.com\/wp-content\/uploads\/2025\/10\/Capture-d\u00e9cran-2025-10-15-131106.png\" alt=\"\" class=\"wp-image-5511\" srcset=\"http:\/\/esc-hurepoix.com\/wp-content\/uploads\/2025\/10\/Capture-d\u00e9cran-2025-10-15-131106.png 571w, http:\/\/esc-hurepoix.com\/wp-content\/uploads\/2025\/10\/Capture-d\u00e9cran-2025-10-15-131106-246x300.png 246w\" sizes=\"auto, (max-width: 571px) 100vw, 571px\" \/><\/figure>\n\n\n\n<p>&nbsp;<strong>Pistage IFH \u00e9chelon 3<\/strong>&nbsp;:<\/p>\n\n\n\n<p>Piste de 1800 pas minimum, trac\u00e9e par un \u00e9tranger avec possible changements de terrain.<\/p>\n\n\n\n<p>7 angles dont 2 angles aigus (30\u00b0 \u00e0 60\u00b0), 1 arrondi<\/p>\n\n\n\n<p>Refroidissement minimum 180 min<\/p>\n\n\n\n<p>Tenue de piste en longe ou en libre&nbsp;: 79 points<\/p>\n\n\n\n<p>Objets (d\u00e9signation ou rapport) : 7 objets qui valent 3 points.<\/p>\n\n\n\n<p>La piste sera coup\u00e9e 1\/2 heure avant le d\u00e9but du pistage. Cette fausse piste devra couper 2 endroits. Elle ne doit pas se situer \u00e0 moins de 40 pas avant ou apr\u00e8s un angle, ni sur la premi\u00e8re ou derni\u00e8re  ligne. Elle doit \u00eatre pos\u00e9e de mani\u00e8re \u00e0 ne pas croiser la piste sous un angle de 60\u00b0, elle ne peut pas non plus \u00eatre pos\u00e9e sur la m\u00eame ligne. Le faux traceur doit respecter une distance d\u2019au moins 10 m\u00e8tres, avant et apr\u00e8s le croisement de la piste.  <\/p>\n\n\n\n<p>Le temps de la rel\u00e8ve de piste sera de 45 min<\/p>\n\n\n\n<figure class=\"wp-block-image\"><img loading=\"lazy\" decoding=\"async\" width=\"485\" height=\"570\" src=\"https:\/\/esc-hurepoix.com\/wp-content\/uploads\/2025\/10\/Capture-d\u00e9cran-2025-10-15-131117.png\" alt=\"\" class=\"wp-image-5512\" srcset=\"http:\/\/esc-hurepoix.com\/wp-content\/uploads\/2025\/10\/Capture-d\u00e9cran-2025-10-15-131117.png 485w, http:\/\/esc-hurepoix.com\/wp-content\/uploads\/2025\/10\/Capture-d\u00e9cran-2025-10-15-131117-255x300.png 255w\" sizes=\"auto, (max-width: 485px) 100vw, 485px\" \/><\/figure>\n","protected":false},"excerpt":{"rendered":"<p>Le pistage IFH est une discipline destin\u00e9e \u00e0 mettre en avant les qualit\u00e9es olfactives du chien. Pour d\u00e9buter le pistage IFH en concours, le chien doit d&rsquo;abord obtenir son Certificat de Sociabilit\u00e9 d&rsquo;Aptitude \u00e0 l&rsquo;Utilisation- CSAU (A partir de 12 mois). Seuls les chiens ayant une licence d&rsquo;utilisation et un carnet de travail ainsi qu&rsquo;un [&hellip;]<\/p>\n","protected":false},"author":2,"featured_media":0,"parent":2,"menu_order":5,"comment_status":"closed","ping_status":"closed","template":"","meta":{"ngg_post_thumbnail":0,"footnotes":""},"class_list":["post-156","page","type-page","status-publish","hentry"],"_links":{"self":[{"href":"http:\/\/esc-hurepoix.com\/index.php?rest_route=\/wp\/v2\/pages\/156","targetHints":{"allow":["GET"]}}],"collection":[{"href":"http:\/\/esc-hurepoix.com\/index.php?rest_route=\/wp\/v2\/pages"}],"about":[{"href":"http:\/\/esc-hurepoix.com\/index.php?rest_route=\/wp\/v2\/types\/page"}],"author":[{"embeddable":true,"href":"http:\/\/esc-hurepoix.com\/index.php?rest_route=\/wp\/v2\/users\/2"}],"replies":[{"embeddable":true,"href":"http:\/\/esc-hurepoix.com\/index.php?rest_route=%2Fwp%2Fv2%2Fcomments&post=156"}],"version-history":[{"count":37,"href":"http:\/\/esc-hurepoix.com\/index.php?rest_route=\/wp\/v2\/pages\/156\/revisions"}],"predecessor-version":[{"id":5525,"href":"http:\/\/esc-hurepoix.com\/index.php?rest_route=\/wp\/v2\/pages\/156\/revisions\/5525"}],"up":[{"embeddable":true,"href":"http:\/\/esc-hurepoix.com\/index.php?rest_route=\/wp\/v2\/pages\/2"}],"wp:attachment":[{"href":"http:\/\/esc-hurepoix.com\/index.php?rest_route=%2Fwp%2Fv2%2Fmedia&parent=156"}],"curies":[{"name":"wp","href":"https:\/\/api.w.org\/{rel}","templated":true}]}}