{"id":4385,"date":"2021-10-13T13:25:29","date_gmt":"2021-10-13T12:25:29","guid":{"rendered":"http:\/\/esc-hurepoix.com\/?page_id=4385"},"modified":"2026-03-27T13:48:27","modified_gmt":"2026-03-27T12:48:27","slug":"nos-chiens-en-pistage-fci","status":"publish","type":"page","link":"http:\/\/esc-hurepoix.com\/?page_id=4385","title":{"rendered":"IGP\/IFH : Nos chiens en pr\u00e9paration"},"content":{"rendered":"\n<p style=\"font-size:25px;text-align:center\" class=\"has-text-color has-pale-cyan-blue-color\"><strong>Pr\u00e9paration IGP<\/strong><\/p>\n\n\n\n<p style=\"text-align:center\" class=\"has-text-color has-luminous-vivid-orange-color\"><strong>Abyss de La Fontaine Saint Louis, Pr\u00e9paration IGP 1<\/strong><\/p>\n\n\n\n<figure class=\"wp-block-image\"><img loading=\"lazy\" decoding=\"async\" width=\"1024\" height=\"462\" src=\"https:\/\/esc-hurepoix.com\/wp-content\/uploads\/2025\/07\/image-13-1024x462.jpg\" alt=\"\" class=\"wp-image-5230\" srcset=\"http:\/\/esc-hurepoix.com\/wp-content\/uploads\/2025\/07\/image-13-1024x462.jpg 1024w, http:\/\/esc-hurepoix.com\/wp-content\/uploads\/2025\/07\/image-13-300x135.jpg 300w, http:\/\/esc-hurepoix.com\/wp-content\/uploads\/2025\/07\/image-13-768x346.jpg 768w, http:\/\/esc-hurepoix.com\/wp-content\/uploads\/2025\/07\/image-13-600x270.jpg 600w, http:\/\/esc-hurepoix.com\/wp-content\/uploads\/2025\/07\/image-13.jpg 2048w\" sizes=\"auto, (max-width: 1024px) 100vw, 1024px\" \/><\/figure>\n\n\n\n<p style=\"text-align:center\" class=\"has-text-color has-luminous-vivid-orange-color\"><strong>Aerith Dark Squad, Pr\u00e9paration IGP 1<\/strong><\/p>\n\n\n\n<p style=\"text-align:center\" class=\"has-text-color has-very-dark-gray-color\"> <strong><em>Autres titres de travail\/expo : CSAU<\/em><\/strong><\/p>\n\n\n\n<figure class=\"wp-block-image\"><img loading=\"lazy\" decoding=\"async\" width=\"538\" height=\"636\" src=\"https:\/\/esc-hurepoix.com\/wp-content\/uploads\/2025\/07\/Capture-d\u00e9cran-2025-07-28-204339.png\" alt=\"\" class=\"wp-image-5232\" srcset=\"http:\/\/esc-hurepoix.com\/wp-content\/uploads\/2025\/07\/Capture-d\u00e9cran-2025-07-28-204339.png 538w, http:\/\/esc-hurepoix.com\/wp-content\/uploads\/2025\/07\/Capture-d\u00e9cran-2025-07-28-204339-254x300.png 254w\" sizes=\"auto, (max-width: 538px) 100vw, 538px\" \/><\/figure>\n\n\n\n<p style=\"text-align:center\" class=\"has-text-color has-luminous-vivid-orange-color\"><strong>Arley Vom Lowenherzritter, Pr\u00e9paration IGP 1<\/strong><\/p>\n\n\n\n<p style=\"text-align:center\" class=\"has-text-color has-luminous-vivid-orange-color\"><strong>Avalon de la Combe du Guet Apens Pr\u00e9paration IGP 1<\/strong><\/p>\n\n\n\n<figure class=\"wp-block-image\"><img loading=\"lazy\" decoding=\"async\" width=\"901\" height=\"1024\" src=\"https:\/\/esc-hurepoix.com\/wp-content\/uploads\/2025\/10\/555557557_1357723246150886_1721696283468562247_n-901x1024.jpg\" alt=\"\" class=\"wp-image-5434\" srcset=\"http:\/\/esc-hurepoix.com\/wp-content\/uploads\/2025\/10\/555557557_1357723246150886_1721696283468562247_n-901x1024.jpg 901w, http:\/\/esc-hurepoix.com\/wp-content\/uploads\/2025\/10\/555557557_1357723246150886_1721696283468562247_n-264x300.jpg 264w, http:\/\/esc-hurepoix.com\/wp-content\/uploads\/2025\/10\/555557557_1357723246150886_1721696283468562247_n-768x873.jpg 768w, http:\/\/esc-hurepoix.com\/wp-content\/uploads\/2025\/10\/555557557_1357723246150886_1721696283468562247_n-600x682.jpg 600w, http:\/\/esc-hurepoix.com\/wp-content\/uploads\/2025\/10\/555557557_1357723246150886_1721696283468562247_n.jpg 1569w\" sizes=\"auto, (max-width: 901px) 100vw, 901px\" \/><\/figure>\n\n\n\n<p style=\"text-align:center\" class=\"has-text-color has-luminous-vivid-orange-color\"><strong>Ayros de la Vall\u00e9e du Meisenbach Pr\u00e9paration IGP 1<\/strong><\/p>\n\n\n\n<figure class=\"wp-block-image\"><img loading=\"lazy\" decoding=\"async\" width=\"771\" height=\"1024\" src=\"https:\/\/esc-hurepoix.com\/wp-content\/uploads\/2026\/03\/IMG_20260324_153704-771x1024.jpg\" alt=\"\" class=\"wp-image-5687\" srcset=\"http:\/\/esc-hurepoix.com\/wp-content\/uploads\/2026\/03\/IMG_20260324_153704-771x1024.jpg 771w, http:\/\/esc-hurepoix.com\/wp-content\/uploads\/2026\/03\/IMG_20260324_153704-226x300.jpg 226w, http:\/\/esc-hurepoix.com\/wp-content\/uploads\/2026\/03\/IMG_20260324_153704-768x1020.jpg 768w, http:\/\/esc-hurepoix.com\/wp-content\/uploads\/2026\/03\/IMG_20260324_153704-600x797.jpg 600w\" sizes=\"auto, (max-width: 771px) 100vw, 771px\" \/><\/figure>\n\n\n\n<p style=\"text-align:center\" class=\"has-text-color has-luminous-vivid-orange-color\"><strong>Cutulus WD Cassian, Pr\u00e9paration IGP 1<\/strong><\/p>\n\n\n\n<figure class=\"wp-block-image\"><img loading=\"lazy\" decoding=\"async\" width=\"802\" height=\"567\" src=\"https:\/\/esc-hurepoix.com\/wp-content\/uploads\/2025\/10\/Capture-d\u00e9cran-2025-10-20-183955.png\" alt=\"\" class=\"wp-image-5536\" srcset=\"http:\/\/esc-hurepoix.com\/wp-content\/uploads\/2025\/10\/Capture-d\u00e9cran-2025-10-20-183955.png 802w, http:\/\/esc-hurepoix.com\/wp-content\/uploads\/2025\/10\/Capture-d\u00e9cran-2025-10-20-183955-300x212.png 300w, http:\/\/esc-hurepoix.com\/wp-content\/uploads\/2025\/10\/Capture-d\u00e9cran-2025-10-20-183955-768x543.png 768w, http:\/\/esc-hurepoix.com\/wp-content\/uploads\/2025\/10\/Capture-d\u00e9cran-2025-10-20-183955-600x424.png 600w\" sizes=\"auto, (max-width: 802px) 100vw, 802px\" \/><\/figure>\n\n\n\n<p style=\"text-align:center\" class=\"has-text-color has-luminous-vivid-orange-color\"><strong>Cutulus WD Cleo, Pr\u00e9paration IGP 1<\/strong><\/p>\n\n\n\n<figure class=\"wp-block-image\"><img loading=\"lazy\" decoding=\"async\" width=\"804\" height=\"1024\" src=\"https:\/\/esc-hurepoix.com\/wp-content\/uploads\/2025\/10\/WhatsApp-Image-2025-10-24-\u00e0-18.17.44_edb06a38-804x1024.jpg\" alt=\"\" class=\"wp-image-5594\" srcset=\"http:\/\/esc-hurepoix.com\/wp-content\/uploads\/2025\/10\/WhatsApp-Image-2025-10-24-\u00e0-18.17.44_edb06a38-804x1024.jpg 804w, http:\/\/esc-hurepoix.com\/wp-content\/uploads\/2025\/10\/WhatsApp-Image-2025-10-24-\u00e0-18.17.44_edb06a38-236x300.jpg 236w, http:\/\/esc-hurepoix.com\/wp-content\/uploads\/2025\/10\/WhatsApp-Image-2025-10-24-\u00e0-18.17.44_edb06a38-768x978.jpg 768w, http:\/\/esc-hurepoix.com\/wp-content\/uploads\/2025\/10\/WhatsApp-Image-2025-10-24-\u00e0-18.17.44_edb06a38-600x764.jpg 600w, http:\/\/esc-hurepoix.com\/wp-content\/uploads\/2025\/10\/WhatsApp-Image-2025-10-24-\u00e0-18.17.44_edb06a38.jpg 1608w\" sizes=\"auto, (max-width: 804px) 100vw, 804px\" \/><\/figure>\n\n\n\n<p style=\"text-align:center\" class=\"has-text-color has-luminous-vivid-orange-color\"><strong>Udjat&rsquo;s  Glyph de Viknane, Pr\u00e9paration IGP 1 <\/strong>  <\/p>\n\n\n\n<figure class=\"wp-block-image\"><img loading=\"lazy\" decoding=\"async\" width=\"461\" height=\"1024\" src=\"https:\/\/esc-hurepoix.com\/wp-content\/uploads\/2025\/10\/WhatsApp-Image-2025-10-25-\u00e0-21.52.59_848892db-461x1024.jpg\" alt=\"\" class=\"wp-image-5598\" srcset=\"http:\/\/esc-hurepoix.com\/wp-content\/uploads\/2025\/10\/WhatsApp-Image-2025-10-25-\u00e0-21.52.59_848892db-461x1024.jpg 461w, http:\/\/esc-hurepoix.com\/wp-content\/uploads\/2025\/10\/WhatsApp-Image-2025-10-25-\u00e0-21.52.59_848892db-135x300.jpg 135w, http:\/\/esc-hurepoix.com\/wp-content\/uploads\/2025\/10\/WhatsApp-Image-2025-10-25-\u00e0-21.52.59_848892db-768x1705.jpg 768w, http:\/\/esc-hurepoix.com\/wp-content\/uploads\/2025\/10\/WhatsApp-Image-2025-10-25-\u00e0-21.52.59_848892db-600x1332.jpg 600w, http:\/\/esc-hurepoix.com\/wp-content\/uploads\/2025\/10\/WhatsApp-Image-2025-10-25-\u00e0-21.52.59_848892db.jpg 908w\" sizes=\"auto, (max-width: 461px) 100vw, 461px\" \/><\/figure>\n\n\n\n<p style=\"text-align:center\" class=\"has-text-color has-luminous-vivid-orange-color\"><strong>Ukhan des Brumes de Kalhan, Pr\u00e9paration IGP 1 <\/strong>  <\/p>\n\n\n\n<p style=\"text-align:center\" class=\"has-text-color has-very-dark-gray-color\"><strong><em>Autres titres de travail\/expo : CSAU, BH-VT<\/em><\/strong><\/p>\n\n\n\n<figure class=\"wp-block-image\"><img loading=\"lazy\" decoding=\"async\" width=\"1024\" height=\"675\" src=\"http:\/\/esc-hurepoix.com\/wp-content\/uploads\/2024\/02\/428118606_1573407523493640_4326469019985794391_n-1024x675.jpg\" alt=\"\" class=\"wp-image-4920\" srcset=\"http:\/\/esc-hurepoix.com\/wp-content\/uploads\/2024\/02\/428118606_1573407523493640_4326469019985794391_n-1024x675.jpg 1024w, http:\/\/esc-hurepoix.com\/wp-content\/uploads\/2024\/02\/428118606_1573407523493640_4326469019985794391_n-300x198.jpg 300w, http:\/\/esc-hurepoix.com\/wp-content\/uploads\/2024\/02\/428118606_1573407523493640_4326469019985794391_n-768x506.jpg 768w, http:\/\/esc-hurepoix.com\/wp-content\/uploads\/2024\/02\/428118606_1573407523493640_4326469019985794391_n-600x395.jpg 600w, http:\/\/esc-hurepoix.com\/wp-content\/uploads\/2024\/02\/428118606_1573407523493640_4326469019985794391_n.jpg 2048w\" sizes=\"auto, (max-width: 1024px) 100vw, 1024px\" \/><\/figure>\n\n\n\n<p style=\"text-align:center\" class=\"has-text-color has-luminous-vivid-orange-color\"><strong>Ukko du Val de Hurlevent, Pr\u00e9paration IGP 1<\/strong><\/p>\n\n\n\n<p style=\"text-align:center\" class=\"has-text-color has-very-dark-gray-color\"><strong><em>Autres titres de travail\/expo : CSAU<\/em><\/strong><\/p>\n\n\n\n<figure class=\"wp-block-image\"><img loading=\"lazy\" decoding=\"async\" width=\"768\" height=\"1024\" src=\"https:\/\/esc-hurepoix.com\/wp-content\/uploads\/2025\/10\/uko-colibert-1-768x1024.jpg\" alt=\"\" class=\"wp-image-5429\" srcset=\"http:\/\/esc-hurepoix.com\/wp-content\/uploads\/2025\/10\/uko-colibert-1-768x1024.jpg 768w, http:\/\/esc-hurepoix.com\/wp-content\/uploads\/2025\/10\/uko-colibert-1-225x300.jpg 225w, http:\/\/esc-hurepoix.com\/wp-content\/uploads\/2025\/10\/uko-colibert-1-600x800.jpg 600w, http:\/\/esc-hurepoix.com\/wp-content\/uploads\/2025\/10\/uko-colibert-1.jpg 1200w\" sizes=\"auto, (max-width: 768px) 100vw, 768px\" \/><\/figure>\n\n\n\n<p style=\"text-align:center\" class=\"has-text-color has-luminous-vivid-orange-color\"><strong>Ulricka du Champs des Louves, Pr\u00e9paration IGP 1    <\/strong><\/p>\n\n\n\n<p style=\"text-align:center\" class=\"has-text-color has-very-dark-gray-color\"><strong><em>Autres titres de travail\/expo : CSAU<\/em><\/strong><\/p>\n\n\n\n<figure class=\"wp-block-image\"><img loading=\"lazy\" decoding=\"async\" width=\"1024\" height=\"683\" src=\"https:\/\/esc-hurepoix.com\/wp-content\/uploads\/2025\/10\/1b7c62bc-c59b-4679-9419-fb7d79a2de57-1024x683.jpg\" alt=\"\" class=\"wp-image-5253\" srcset=\"http:\/\/esc-hurepoix.com\/wp-content\/uploads\/2025\/10\/1b7c62bc-c59b-4679-9419-fb7d79a2de57-1024x683.jpg 1024w, http:\/\/esc-hurepoix.com\/wp-content\/uploads\/2025\/10\/1b7c62bc-c59b-4679-9419-fb7d79a2de57-300x200.jpg 300w, http:\/\/esc-hurepoix.com\/wp-content\/uploads\/2025\/10\/1b7c62bc-c59b-4679-9419-fb7d79a2de57-768x512.jpg 768w, http:\/\/esc-hurepoix.com\/wp-content\/uploads\/2025\/10\/1b7c62bc-c59b-4679-9419-fb7d79a2de57-600x400.jpg 600w, http:\/\/esc-hurepoix.com\/wp-content\/uploads\/2025\/10\/1b7c62bc-c59b-4679-9419-fb7d79a2de57.jpg 2048w\" sizes=\"auto, (max-width: 1024px) 100vw, 1024px\" \/><\/figure>\n\n\n\n<p style=\"text-align:center\" class=\"has-text-color has-luminous-vivid-orange-color\"><strong>U&rsquo;Urrus Vom Hause Bouhfour, Pr\u00e9paration IGP 1    <\/strong><\/p>\n\n\n\n<p style=\"text-align:center\" class=\"has-text-color has-very-dark-gray-color\"><strong><em>Autres titres de travail\/expo : CSAU<\/em><\/strong><\/p>\n\n\n\n<figure class=\"wp-block-image\"><img loading=\"lazy\" decoding=\"async\" width=\"391\" height=\"602\" src=\"https:\/\/esc-hurepoix.com\/wp-content\/uploads\/2025\/10\/urus.jpg\" alt=\"\" class=\"wp-image-5256\" srcset=\"http:\/\/esc-hurepoix.com\/wp-content\/uploads\/2025\/10\/urus.jpg 391w, http:\/\/esc-hurepoix.com\/wp-content\/uploads\/2025\/10\/urus-195x300.jpg 195w\" sizes=\"auto, (max-width: 391px) 100vw, 391px\" \/><\/figure>\n\n\n\n<p style=\"text-align:center\" class=\"has-text-color has-luminous-vivid-orange-color\"><strong>Vaya \u00ab\u00a0Venus\u00a0\u00bb de la Source des Bois, Pr\u00e9paration IGP 1    <\/strong><\/p>\n\n\n\n<figure class=\"wp-block-image\"><img loading=\"lazy\" decoding=\"async\" width=\"1024\" height=\"718\" src=\"https:\/\/esc-hurepoix.com\/wp-content\/uploads\/2025\/10\/468174180_10227789523505433_6359943672755845649_n-1024x718.jpg\" alt=\"\" class=\"wp-image-5534\" srcset=\"http:\/\/esc-hurepoix.com\/wp-content\/uploads\/2025\/10\/468174180_10227789523505433_6359943672755845649_n-1024x718.jpg 1024w, http:\/\/esc-hurepoix.com\/wp-content\/uploads\/2025\/10\/468174180_10227789523505433_6359943672755845649_n-300x210.jpg 300w, http:\/\/esc-hurepoix.com\/wp-content\/uploads\/2025\/10\/468174180_10227789523505433_6359943672755845649_n-768x538.jpg 768w, http:\/\/esc-hurepoix.com\/wp-content\/uploads\/2025\/10\/468174180_10227789523505433_6359943672755845649_n-600x420.jpg 600w, http:\/\/esc-hurepoix.com\/wp-content\/uploads\/2025\/10\/468174180_10227789523505433_6359943672755845649_n.jpg 2048w\" sizes=\"auto, (max-width: 1024px) 100vw, 1024px\" \/><\/figure>\n\n\n\n<p style=\"text-align:center\" class=\"has-text-color has-luminous-vivid-orange-color\"><strong>Vesper Dobry of Black Crystal Shadow, Pr\u00e9paration IGP 1    <\/strong><\/p>\n\n\n\n<p style=\"text-align:center\" class=\"has-text-color has-very-dark-gray-color\"><strong><em>Autres titres de travail\/expo : BH-VT<\/em><\/strong><\/p>\n\n\n\n<figure class=\"wp-block-image\"><img loading=\"lazy\" decoding=\"async\" width=\"683\" height=\"1024\" src=\"https:\/\/esc-hurepoix.com\/wp-content\/uploads\/2025\/10\/502882674_23969770835981392_7018099549512873172_n-683x1024.jpg\" alt=\"\" class=\"wp-image-5261\" srcset=\"http:\/\/esc-hurepoix.com\/wp-content\/uploads\/2025\/10\/502882674_23969770835981392_7018099549512873172_n-683x1024.jpg 683w, http:\/\/esc-hurepoix.com\/wp-content\/uploads\/2025\/10\/502882674_23969770835981392_7018099549512873172_n-200x300.jpg 200w, http:\/\/esc-hurepoix.com\/wp-content\/uploads\/2025\/10\/502882674_23969770835981392_7018099549512873172_n-768x1151.jpg 768w, http:\/\/esc-hurepoix.com\/wp-content\/uploads\/2025\/10\/502882674_23969770835981392_7018099549512873172_n-600x900.jpg 600w, http:\/\/esc-hurepoix.com\/wp-content\/uploads\/2025\/10\/502882674_23969770835981392_7018099549512873172_n.jpg 1366w\" sizes=\"auto, (max-width: 683px) 100vw, 683px\" \/><\/figure>\n\n\n\n<p style=\"text-align:center\" class=\"has-text-color has-luminous-vivid-orange-color\"><strong>Vik&rsquo;thor Dobry of Black Crystal Shadow, Pr\u00e9paration IGP 1    <\/strong><\/p>\n\n\n\n<figure class=\"wp-block-image\"><img loading=\"lazy\" decoding=\"async\" width=\"732\" height=\"1024\" src=\"https:\/\/esc-hurepoix.com\/wp-content\/uploads\/2025\/10\/WhatsApp-Image-2025-10-24-\u00e0-18.13.10_27015d76-732x1024.jpg\" alt=\"\" class=\"wp-image-5593\" srcset=\"http:\/\/esc-hurepoix.com\/wp-content\/uploads\/2025\/10\/WhatsApp-Image-2025-10-24-\u00e0-18.13.10_27015d76-732x1024.jpg 732w, http:\/\/esc-hurepoix.com\/wp-content\/uploads\/2025\/10\/WhatsApp-Image-2025-10-24-\u00e0-18.13.10_27015d76-214x300.jpg 214w, http:\/\/esc-hurepoix.com\/wp-content\/uploads\/2025\/10\/WhatsApp-Image-2025-10-24-\u00e0-18.13.10_27015d76-768x1074.jpg 768w, http:\/\/esc-hurepoix.com\/wp-content\/uploads\/2025\/10\/WhatsApp-Image-2025-10-24-\u00e0-18.13.10_27015d76-600x839.jpg 600w, http:\/\/esc-hurepoix.com\/wp-content\/uploads\/2025\/10\/WhatsApp-Image-2025-10-24-\u00e0-18.13.10_27015d76.jpg 1464w\" sizes=\"auto, (max-width: 732px) 100vw, 732px\" \/><\/figure>\n\n\n\n<p style=\"text-align:center\" class=\"has-text-color has-luminous-vivid-orange-color\"><strong>Black Owl Viper, Pr\u00e9paration IGP 1    <\/strong><\/p>\n\n\n\n<p style=\"text-align:center\" class=\"has-text-color has-very-dark-gray-color\"><strong><em>Autres titres de travail\/expo : CSAU, TAN<\/em><\/strong><\/p>\n\n\n\n<figure class=\"wp-block-image\"><img loading=\"lazy\" decoding=\"async\" width=\"1024\" height=\"768\" src=\"https:\/\/esc-hurepoix.com\/wp-content\/uploads\/2025\/05\/e365f3cf-696c-437e-8563-a0a1a010e9cf-1024x768.jpeg\" alt=\"\" class=\"wp-image-5223\" srcset=\"http:\/\/esc-hurepoix.com\/wp-content\/uploads\/2025\/05\/e365f3cf-696c-437e-8563-a0a1a010e9cf-1024x768.jpeg 1024w, http:\/\/esc-hurepoix.com\/wp-content\/uploads\/2025\/05\/e365f3cf-696c-437e-8563-a0a1a010e9cf-300x225.jpeg 300w, http:\/\/esc-hurepoix.com\/wp-content\/uploads\/2025\/05\/e365f3cf-696c-437e-8563-a0a1a010e9cf-768x576.jpeg 768w, http:\/\/esc-hurepoix.com\/wp-content\/uploads\/2025\/05\/e365f3cf-696c-437e-8563-a0a1a010e9cf-600x450.jpeg 600w, http:\/\/esc-hurepoix.com\/wp-content\/uploads\/2025\/05\/e365f3cf-696c-437e-8563-a0a1a010e9cf.jpeg 2048w\" sizes=\"auto, (max-width: 1024px) 100vw, 1024px\" \/><\/figure>\n\n\n\n<p style=\"font-size:25px;text-align:center\" class=\"has-text-color has-pale-cyan-blue-color\"><strong>Pr\u00e9paration IFH<\/strong><\/p>\n\n\n\n<p style=\"text-align:center\" class=\"has-text-color has-luminous-vivid-orange-color\"><strong>Gollum Vom Feuerbaum, Pr\u00e9paration IFH 1<\/strong><\/p>\n\n\n\n<figure class=\"wp-block-image\"><img loading=\"lazy\" decoding=\"async\" width=\"1024\" height=\"682\" src=\"http:\/\/esc-hurepoix.com\/wp-content\/uploads\/2026\/03\/IMG-20260104-WA0018-1024x682.jpg\" alt=\"\" class=\"wp-image-5650\" srcset=\"http:\/\/esc-hurepoix.com\/wp-content\/uploads\/2026\/03\/IMG-20260104-WA0018-1024x682.jpg 1024w, http:\/\/esc-hurepoix.com\/wp-content\/uploads\/2026\/03\/IMG-20260104-WA0018-300x200.jpg 300w, http:\/\/esc-hurepoix.com\/wp-content\/uploads\/2026\/03\/IMG-20260104-WA0018-768x512.jpg 768w, http:\/\/esc-hurepoix.com\/wp-content\/uploads\/2026\/03\/IMG-20260104-WA0018-600x400.jpg 600w, http:\/\/esc-hurepoix.com\/wp-content\/uploads\/2026\/03\/IMG-20260104-WA0018.jpg 1600w\" sizes=\"auto, (max-width: 1024px) 100vw, 1024px\" \/><\/figure>\n","protected":false},"excerpt":{"rendered":"<p>Pr\u00e9paration IGP Abyss de La Fontaine Saint Louis, Pr\u00e9paration IGP 1 Aerith Dark Squad, Pr\u00e9paration IGP 1 Autres titres de travail\/expo : CSAU Arley Vom Lowenherzritter, Pr\u00e9paration IGP 1 Avalon de la Combe du Guet Apens Pr\u00e9paration IGP 1 Ayros de la Vall\u00e9e du Meisenbach Pr\u00e9paration IGP 1 Cutulus WD Cassian, Pr\u00e9paration IGP 1 Cutulus [&hellip;]<\/p>\n","protected":false},"author":5,"featured_media":0,"parent":71,"menu_order":0,"comment_status":"closed","ping_status":"closed","template":"","meta":{"ngg_post_thumbnail":0,"footnotes":""},"class_list":["post-4385","page","type-page","status-publish","hentry"],"_links":{"self":[{"href":"http:\/\/esc-hurepoix.com\/index.php?rest_route=\/wp\/v2\/pages\/4385","targetHints":{"allow":["GET"]}}],"collection":[{"href":"http:\/\/esc-hurepoix.com\/index.php?rest_route=\/wp\/v2\/pages"}],"about":[{"href":"http:\/\/esc-hurepoix.com\/index.php?rest_route=\/wp\/v2\/types\/page"}],"author":[{"embeddable":true,"href":"http:\/\/esc-hurepoix.com\/index.php?rest_route=\/wp\/v2\/users\/5"}],"replies":[{"embeddable":true,"href":"http:\/\/esc-hurepoix.com\/index.php?rest_route=%2Fwp%2Fv2%2Fcomments&post=4385"}],"version-history":[{"count":68,"href":"http:\/\/esc-hurepoix.com\/index.php?rest_route=\/wp\/v2\/pages\/4385\/revisions"}],"predecessor-version":[{"id":5688,"href":"http:\/\/esc-hurepoix.com\/index.php?rest_route=\/wp\/v2\/pages\/4385\/revisions\/5688"}],"up":[{"embeddable":true,"href":"http:\/\/esc-hurepoix.com\/index.php?rest_route=\/wp\/v2\/pages\/71"}],"wp:attachment":[{"href":"http:\/\/esc-hurepoix.com\/index.php?rest_route=%2Fwp%2Fv2%2Fmedia&parent=4385"}],"curies":[{"name":"wp","href":"https:\/\/api.w.org\/{rel}","templated":true}]}}