{"id":4391,"date":"2021-10-13T13:28:08","date_gmt":"2021-10-13T12:28:08","guid":{"rendered":"http:\/\/esc-hurepoix.com\/?page_id=4391"},"modified":"2023-02-28T14:28:24","modified_gmt":"2023-02-28T13:28:24","slug":"photos-des-entrainements-pistage-fci","status":"publish","type":"page","link":"http:\/\/esc-hurepoix.com\/?page_id=4391","title":{"rendered":"Photos des entrainements Pistage FCI"},"content":{"rendered":"\n<p style=\"text-align:center\" class=\"has-text-color has-vivid-red-color\"><strong>F\u00e9vrier 2023<\/strong><\/p>\n\n\n\n<p style=\"text-align:center\">Premi\u00e8re piste de la semaine pour Neo<\/p>\n\n\n\nngg_shortcode_0_placeholder\n\n\n\n<p style=\"text-align:center\">Rickl\u00e8s s&rsquo;initie au Pistage avec Sylvie et Estelle \ud83d\ude00<\/p>\n\n\n\nngg_shortcode_1_placeholder\n\n\n\n<p style=\"text-align:center\">D\u00e9marrage du Pistage pour Fenrir \ud83d\ude42<\/p>\n\n\n\nngg_shortcode_2_placeholder\n","protected":false},"excerpt":{"rendered":"<p>F\u00e9vrier 2023 Premi\u00e8re piste de la semaine pour Neo Rickl\u00e8s s&rsquo;initie au Pistage avec Sylvie et Estelle \ud83d\ude00 D\u00e9marrage du Pistage pour Fenrir \ud83d\ude42<\/p>\n","protected":false},"author":5,"featured_media":0,"parent":4312,"menu_order":0,"comment_status":"closed","ping_status":"closed","template":"","meta":{"ngg_post_thumbnail":0,"footnotes":""},"class_list":["post-4391","page","type-page","status-publish","hentry"],"_links":{"self":[{"href":"http:\/\/esc-hurepoix.com\/index.php?rest_route=\/wp\/v2\/pages\/4391","targetHints":{"allow":["GET"]}}],"collection":[{"href":"http:\/\/esc-hurepoix.com\/index.php?rest_route=\/wp\/v2\/pages"}],"about":[{"href":"http:\/\/esc-hurepoix.com\/index.php?rest_route=\/wp\/v2\/types\/page"}],"author":[{"embeddable":true,"href":"http:\/\/esc-hurepoix.com\/index.php?rest_route=\/wp\/v2\/users\/5"}],"replies":[{"embeddable":true,"href":"http:\/\/esc-hurepoix.com\/index.php?rest_route=%2Fwp%2Fv2%2Fcomments&post=4391"}],"version-history":[{"count":4,"href":"http:\/\/esc-hurepoix.com\/index.php?rest_route=\/wp\/v2\/pages\/4391\/revisions"}],"predecessor-version":[{"id":4766,"href":"http:\/\/esc-hurepoix.com\/index.php?rest_route=\/wp\/v2\/pages\/4391\/revisions\/4766"}],"up":[{"embeddable":true,"href":"http:\/\/esc-hurepoix.com\/index.php?rest_route=\/wp\/v2\/pages\/4312"}],"wp:attachment":[{"href":"http:\/\/esc-hurepoix.com\/index.php?rest_route=%2Fwp%2Fv2%2Fmedia&parent=4391"}],"curies":[{"name":"wp","href":"https:\/\/api.w.org\/{rel}","templated":true}]}}