{"id":4781,"date":"2023-05-03T15:00:08","date_gmt":"2023-05-03T14:00:08","guid":{"rendered":"http:\/\/esc-hurepoix.com\/?page_id=4781"},"modified":"2023-05-03T15:00:33","modified_gmt":"2023-05-03T14:00:33","slug":"concours-11-et-12-mars-2023","status":"publish","type":"page","link":"http:\/\/esc-hurepoix.com\/?page_id=4781","title":{"rendered":"Concours 11 et 12 mars 2023"},"content":{"rendered":"\n<p>\n\nCe week-end a eu lieu notre concours annuel et nous avons eu le plaisir d&rsquo;accueillir des participants motiv\u00e9s, qui ont brav\u00e9 un vent qui a transi tout le monde mais n&rsquo;a pas refroidi leur volont\u00e9 de nous montrer de tr\u00e8s belles choses.<br>Et une grande premi\u00e8re \u00e0 l&rsquo;ESC Hurepoix : l&rsquo;organisation d&rsquo;une BH qui a \u00e9t\u00e9 une r\u00e9ussite!<br>Un grand merci \u00e0 M Gilbert GUEVEL d&rsquo;\u00eatre venu proc\u00e9der aux jugements avec toujours autant de bienveillance et de bonne humeur.<br>Merci \u00e9galement \u00e0 notre Homme Assistant Christophe REYNAUD qui a offici\u00e9 pour la partie IGP de notre concours : les chiens l&rsquo;ont \u00e9puis\u00e9 mais n&rsquo;ont pas affect\u00e9 la constance de son travail!<br>Merci aux traceurs Julien KERKHOVE et St\u00e9phanie BREGIROUX pour les magnifiques pistes qu&rsquo;ils ont propos\u00e9 aux concurrents, que ce soit pour l&rsquo;IGP ou pour le pistage FH.<br>Merci \u00e0 tous les b\u00e9n\u00e9voles qui ont oeuvr\u00e9 \u00e0 ce que cet \u00e9v\u00e8nement soit r\u00e9ussi.<br>Et enfin merci \u00e0 notre pr\u00e9sident Jacques HUVEY de nous avoir propos\u00e9 un concours de haute vol\u00e9e, diversifi\u00e9 et convivial.<br>Voici donc les r\u00e9sultats !\n\n<\/p>\n\n\n\nngg_shortcode_0_placeholder\n","protected":false},"excerpt":{"rendered":"<p>Ce week-end a eu lieu notre concours annuel et nous avons eu le plaisir d&rsquo;accueillir des participants motiv\u00e9s, qui ont brav\u00e9 un vent qui a transi tout le monde mais n&rsquo;a pas refroidi leur volont\u00e9 de nous montrer de tr\u00e8s belles choses.Et une grande premi\u00e8re \u00e0 l&rsquo;ESC Hurepoix : l&rsquo;organisation d&rsquo;une BH qui a \u00e9t\u00e9 [&hellip;]<\/p>\n","protected":false},"author":5,"featured_media":0,"parent":81,"menu_order":0,"comment_status":"closed","ping_status":"closed","template":"","meta":{"ngg_post_thumbnail":0,"footnotes":""},"class_list":["post-4781","page","type-page","status-publish","hentry"],"_links":{"self":[{"href":"http:\/\/esc-hurepoix.com\/index.php?rest_route=\/wp\/v2\/pages\/4781","targetHints":{"allow":["GET"]}}],"collection":[{"href":"http:\/\/esc-hurepoix.com\/index.php?rest_route=\/wp\/v2\/pages"}],"about":[{"href":"http:\/\/esc-hurepoix.com\/index.php?rest_route=\/wp\/v2\/types\/page"}],"author":[{"embeddable":true,"href":"http:\/\/esc-hurepoix.com\/index.php?rest_route=\/wp\/v2\/users\/5"}],"replies":[{"embeddable":true,"href":"http:\/\/esc-hurepoix.com\/index.php?rest_route=%2Fwp%2Fv2%2Fcomments&post=4781"}],"version-history":[{"count":1,"href":"http:\/\/esc-hurepoix.com\/index.php?rest_route=\/wp\/v2\/pages\/4781\/revisions"}],"predecessor-version":[{"id":4782,"href":"http:\/\/esc-hurepoix.com\/index.php?rest_route=\/wp\/v2\/pages\/4781\/revisions\/4782"}],"up":[{"embeddable":true,"href":"http:\/\/esc-hurepoix.com\/index.php?rest_route=\/wp\/v2\/pages\/81"}],"wp:attachment":[{"href":"http:\/\/esc-hurepoix.com\/index.php?rest_route=%2Fwp%2Fv2%2Fmedia&parent=4781"}],"curies":[{"name":"wp","href":"https:\/\/api.w.org\/{rel}","templated":true}]}}